{"id":7,"date":"2018-01-19T15:31:07","date_gmt":"2018-01-19T14:31:07","guid":{"rendered":"http:\/\/192.168.0.45\/wordpress\/?page_id=7"},"modified":"2026-01-28T19:15:04","modified_gmt":"2026-01-28T18:15:04","slug":"startseite","status":"publish","type":"page","link":"https:\/\/gabrielleweber.ch\/","title":{"rendered":"Welcome!"},"content":{"rendered":"<p>Sch\u00f6n, dass Sie den Weg zu meiner Homepage gefunden haben. Das freut mich.<\/p>\n<p>Hier k\u00f6nnen Sie nun st\u00f6bern. Es gibt Diverses zu Musik zu lesen und zu h\u00f6ren: mir geht&#8217;s nicht um brennende Aktualit\u00e4t, es gibt keine upcoming News, sondern weiterf\u00fchrende Gedanken zu Dingen, Projekten, Musik, die mir bemerkenswert scheinen. Die Seite sammelt Texte und Audiofeatures aus verschiedenen Medien zu Themen und Projekten, die meines Erachtens nicht in der Datenflut verloren gehen sollten.<\/p>\n<p>Oft kann dazu zus\u00e4tzlich etwas auf neo.mx3 angeh\u00f6rt\/angeschaut werden. Und auch hier sammelte sich im ersten Jahr bereits ein reicher Fundus an Texten und Infos zum zeitgen\u00f6ssischen Musikschaffen, sei es von mir oder von eingeladenen Autorinnen und Autoren.<\/p>\n<p>Insbesondere befasse ich mich mit allen Schnittstellen &#8211; zwischen sog. Genres, Regionen, Sparten.\u00a0Und mich interessiert es zu entdecken, zu erforschen, untereinander bekannt zu machen und zu einer starken Visibilit\u00e4t des Genres national, international und in anderem Spartenumfeld beizutragen. Ich bin \u00fcberzeugt, dass das sog. zeitgen\u00f6ssische Musikschaffen auch ein breiteres Publikum interessieren k\u00f6nnte, wenn es nur mehr davon w\u00fcsste &#8211; dass \u00c4hnliches m\u00f6gliches ist, sehen wir an der Visuellen Kunst. Hemmschwellen liegen wohl eher -immer noch- in den relativ starren Institutionen, in Produktions- und Auff\u00fchrungsbedingungen.<\/p>\n<p>Und: ich setze mich speziell auch f\u00fcr den Austausch \u00fcber die Sprachregionen Romandie, Deutschschweiz, Ticino ein. Die drei Regionen wissen oft weniger voneinander als von den Musikzentren der nahen gleichsprachigen L\u00e4nder. Genau die Unterschiede in der Schweiz finde ich spannend und bereichernd.\u00a0Aus dem Gesamtblick auf Szenen, Positionen und Richtungen \u00fcber die Regionen hinaus lassen sich immer wieder Br\u00fccken bauen.<\/p>\n<p>Wichtig sind mir auch Gender- und Diversityfragen in der Neuen Musik.\u00a0Ausserdem forsche ich zum <a href=\"https:\/\/www.hkb-interpretation.ch\/projekte\/stv\/article-462\">Einfluss des Medienwandels auf die Narration der Avantgardemusik<\/a>, insbesondere seit Aufkommen des Massenmediums TV.<\/p>\n<p>\u00dcber Tipps zu aktuellen Projekten freue ich mich &#8211; sofern&#8217;s Gelegenheit gibt, komme ich gerne h\u00f6ren\/sehen und mache ggf. am einen oder andern Ort darauf aufmerksam.<br \/>\nUnd: ich freue mich \u00fcbers Austauschen in diversen Kontexten.<\/p>\n<p><img loading=\"lazy\" decoding=\"async\" class=\"alignnone size-medium wp-image-123\" src=\"http:\/\/gabrielleweber.ch\/wordpress\/wp-content\/uploads\/2020\/09\/IMG_7640-300x252.jpg\" alt=\"\" width=\"300\" height=\"252\" srcset=\"https:\/\/gabrielleweber.ch\/wordpress\/wp-content\/uploads\/2020\/09\/IMG_7640-300x252.jpg 300w, https:\/\/gabrielleweber.ch\/wordpress\/wp-content\/uploads\/2020\/09\/IMG_7640-768x644.jpg 768w, https:\/\/gabrielleweber.ch\/wordpress\/wp-content\/uploads\/2020\/09\/IMG_7640-1024x859.jpg 1024w, https:\/\/gabrielleweber.ch\/wordpress\/wp-content\/uploads\/2020\/09\/IMG_7640.jpg 2043w\" sizes=\"auto, (max-width: 300px) 100vw, 300px\" \/><\/p>\n","protected":false},"excerpt":{"rendered":"<p>Sch\u00f6n, dass Sie den Weg zu meiner Homepage gefunden haben. Das freut mich. Hier k\u00f6nnen Sie nun st\u00f6bern. Es gibt Diverses zu Musik zu lesen und zu h\u00f6ren: mir geht&#8217;s nicht um brennende Aktualit\u00e4t, es gibt keine upcoming News, sondern weiterf\u00fchrende Gedanken zu Dingen, Projekten, Musik, die mir bemerkenswert scheinen. Die Seite sammelt Texte und &hellip; <\/p>\n<p class=\"link-more\"><a href=\"https:\/\/gabrielleweber.ch\/\" class=\"more-link\"><span class=\"screen-reader-text\">&#171;Welcome!&#187;<\/span> weiterlesen<\/a><\/p>\n","protected":false},"author":1,"featured_media":0,"parent":0,"menu_order":0,"comment_status":"closed","ping_status":"closed","template":"","meta":{"footnotes":""},"class_list":["post-7","page","type-page","status-publish","hentry"],"_links":{"self":[{"href":"https:\/\/gabrielleweber.ch\/index.php\/wp-json\/wp\/v2\/pages\/7","targetHints":{"allow":["GET"]}}],"collection":[{"href":"https:\/\/gabrielleweber.ch\/index.php\/wp-json\/wp\/v2\/pages"}],"about":[{"href":"https:\/\/gabrielleweber.ch\/index.php\/wp-json\/wp\/v2\/types\/page"}],"author":[{"embeddable":true,"href":"https:\/\/gabrielleweber.ch\/index.php\/wp-json\/wp\/v2\/users\/1"}],"replies":[{"embeddable":true,"href":"https:\/\/gabrielleweber.ch\/index.php\/wp-json\/wp\/v2\/comments?post=7"}],"version-history":[{"count":0,"href":"https:\/\/gabrielleweber.ch\/index.php\/wp-json\/wp\/v2\/pages\/7\/revisions"}],"wp:attachment":[{"href":"https:\/\/gabrielleweber.ch\/index.php\/wp-json\/wp\/v2\/media?parent=7"}],"curies":[{"name":"wp","href":"https:\/\/api.w.org\/{rel}","templated":true}]}}