{"id":230,"date":"2020-09-25T10:53:22","date_gmt":"2020-09-25T08:53:22","guid":{"rendered":"http:\/\/gabrielleweber.ch\/wordpress\/?page_id=230"},"modified":"2026-01-28T19:15:34","modified_gmt":"2026-01-28T18:15:34","slug":"words-about-about","status":"publish","type":"page","link":"https:\/\/gabrielleweber.ch\/index.php\/words-about-about\/","title":{"rendered":"words about about.."},"content":{"rendered":"<p><a href=\"https:\/\/www.srf.ch\/audio\/musik-unserer-zeit\/neo-mx3-und-sc-oeoef?id=11842377\"><em>neo.mx3 und sc&#8217;\u00f6\u00f6f<\/em><\/a>, Musik unserer Zeit, SRF 2 Kultur: Gabrielle Weber im Gespr\u00e4ch zu neo.mx3, Redaktion Florian Hauser, 21.10.20<\/p>\n<p><em><a href=\"https:\/\/www.rts.ch\/audio-podcast\/2020\/audio\/gabrielle-weber-le-contemporain-pour-boussole-25130281.html\">Gabrielle Weber, le contemporain pour boussole<\/a>:&nbsp;<\/em>L<em>&#8218;\u00e9cho des pavanes<\/em>, RTS:&nbsp;RTS, 5.6.2020, auteur:&nbsp;Beno\u00eet Perrier<\/p>\n<p><a href=\"http:\/\/gabrielleweber.ch\/wordpress\/wp-content\/uploads\/2020\/09\/neo_mx3_NZZ_20200516.pdf\">Thomas Schacher, <em>Bald machen wir alles neo<\/em><\/a> &#8211; eine Internetplattform will das Musikschaffen der Schweiz enger vernetzen. Der Zusammenhalt d\u00fcrfte nach der Krise entscheidend werden, NZZ, Feuilleton, 16.5.2020<\/p>\n<p><a href=\"http:\/\/gabrielleweber.ch\/wordpress\/wp-content\/uploads\/2020\/09\/SMZ_11-19_Focus_Produktion-Inhalt.pdf\">Simon Bittermann, <em>Verbreiten gern &#8211; Herstellen lieber nicht<\/em><\/a>, Schweizer Musikzeitung, 11.2019<\/p>\n<p><a href=\"http:\/\/gabrielleweber.ch\/wordpress\/wp-content\/uploads\/2020\/09\/Kulturtipp-def-34-KU-1619-Multimedia-LOW-def.pdf\">Jonas Frehner, <em>Fundgrube f\u00fcr Fans<\/em><\/a>, Kulturtipp, 18.7.2019<\/p><\/p>\n","protected":false},"excerpt":{"rendered":"<p>neo.mx3 und sc&#8217;\u00f6\u00f6f, Musik unserer Zeit, SRF 2 Kultur: Gabrielle Weber im Gespr\u00e4ch zu neo.mx3, Redaktion Florian Hauser, 21.10.20 Gabrielle Weber, le contemporain pour boussole:&nbsp;L&#8218;\u00e9cho des pavanes, RTS:&nbsp;RTS, 5.6.2020, auteur:&nbsp;Beno\u00eet Perrier Thomas Schacher, Bald machen wir alles neo &#8211; eine Internetplattform will das Musikschaffen der Schweiz enger vernetzen. Der Zusammenhalt d\u00fcrfte nach der Krise entscheidend &hellip; <\/p>\n<p class=\"link-more\"><a href=\"https:\/\/gabrielleweber.ch\/index.php\/words-about-about\/\" class=\"more-link\"><span class=\"screen-reader-text\">&#171;words about about..&#187;<\/span> weiterlesen<\/a><\/p>\n","protected":false},"author":2,"featured_media":0,"parent":0,"menu_order":0,"comment_status":"closed","ping_status":"closed","template":"","meta":{"footnotes":""},"class_list":["post-230","page","type-page","status-publish","hentry"],"_links":{"self":[{"href":"https:\/\/gabrielleweber.ch\/index.php\/wp-json\/wp\/v2\/pages\/230","targetHints":{"allow":["GET"]}}],"collection":[{"href":"https:\/\/gabrielleweber.ch\/index.php\/wp-json\/wp\/v2\/pages"}],"about":[{"href":"https:\/\/gabrielleweber.ch\/index.php\/wp-json\/wp\/v2\/types\/page"}],"author":[{"embeddable":true,"href":"https:\/\/gabrielleweber.ch\/index.php\/wp-json\/wp\/v2\/users\/2"}],"replies":[{"embeddable":true,"href":"https:\/\/gabrielleweber.ch\/index.php\/wp-json\/wp\/v2\/comments?post=230"}],"version-history":[{"count":0,"href":"https:\/\/gabrielleweber.ch\/index.php\/wp-json\/wp\/v2\/pages\/230\/revisions"}],"wp:attachment":[{"href":"https:\/\/gabrielleweber.ch\/index.php\/wp-json\/wp\/v2\/media?parent=230"}],"curies":[{"name":"wp","href":"https:\/\/api.w.org\/{rel}","templated":true}]}}